{"id":6952,"date":"2025-02-20T08:38:29","date_gmt":"2025-02-20T11:38:29","guid":{"rendered":"https:\/\/comedordepruebas.uncoma.edu.ar\/?page_id=6952"},"modified":"2025-10-16T08:52:56","modified_gmt":"2025-10-16T11:52:56","slug":"formulario-de-preinscripcion","status":"publish","type":"page","link":"https:\/\/comedordepruebas.uncoma.edu.ar\/index.php\/formulario-de-preinscripcion\/","title":{"rendered":"Formulario de Preinscripci\u00f3n"},"content":{"rendered":"\t\t<div data-elementor-type=\"wp-page\" data-elementor-id=\"6952\" class=\"elementor elementor-6952\" data-elementor-post-type=\"page\">\n\t\t\t\t\t\t<section class=\"elementor-section elementor-top-section elementor-element elementor-element-3973baf elementor-section-boxed elementor-section-height-default elementor-section-height-default\" data-id=\"3973baf\" data-element_type=\"section\" data-settings=\"{&quot;background_background&quot;:&quot;classic&quot;}\">\n\t\t\t\t\t\t\t<div class=\"elementor-background-overlay\"><\/div>\n\t\t\t\t\t\t\t<div class=\"elementor-container elementor-column-gap-no\">\n\t\t\t\t\t<div class=\"elementor-column elementor-col-16 elementor-top-column elementor-element elementor-element-d61e4d8\" data-id=\"d61e4d8\" data-element_type=\"column\">\n\t\t\t<div class=\"elementor-widget-wrap\">\n\t\t\t\t\t\t\t<\/div>\n\t\t<\/div>\n\t\t\t\t<div class=\"elementor-column elementor-col-66 elementor-top-column elementor-element elementor-element-151da8e\" data-id=\"151da8e\" data-element_type=\"column\" data-settings=\"{&quot;background_background&quot;:&quot;classic&quot;}\">\n\t\t\t<div class=\"elementor-widget-wrap elementor-element-populated\">\n\t\t\t\t\t\t<div class=\"elementor-element elementor-element-f6df2fb elementor-widget elementor-widget-heading\" data-id=\"f6df2fb\" data-element_type=\"widget\" data-settings=\"{&quot;_animation&quot;:&quot;none&quot;}\" data-widget_type=\"heading.default\">\n\t\t\t\t<div class=\"elementor-widget-container\">\n\t\t\t\t\t<h1 class=\"elementor-heading-title elementor-size-default\">Formulario de Preinscripci\u00f3n<br>2025<\/h1>\t\t\t\t<\/div>\n\t\t\t\t<\/div>\n\t\t\t\t<section class=\"elementor-section elementor-inner-section elementor-element elementor-element-9d37b4f elementor-section-boxed elementor-section-height-default elementor-section-height-default\" data-id=\"9d37b4f\" data-element_type=\"section\">\n\t\t\t\t\t\t<div class=\"elementor-container elementor-column-gap-default\">\n\t\t\t\t\t<div class=\"elementor-column elementor-col-25 elementor-inner-column elementor-element elementor-element-993dc3e\" data-id=\"993dc3e\" data-element_type=\"column\">\n\t\t\t<div class=\"elementor-widget-wrap elementor-element-populated\">\n\t\t\t\t\t\t<div class=\"elementor-element elementor-element-47936c8 elementor-hidden-phone elementor-widget-divider--view-line elementor-widget elementor-widget-divider\" data-id=\"47936c8\" data-element_type=\"widget\" data-widget_type=\"divider.default\">\n\t\t\t\t<div class=\"elementor-widget-container\">\n\t\t\t\t\t\t\t<div class=\"elementor-divider\">\n\t\t\t<span class=\"elementor-divider-separator\">\n\t\t\t\t\t\t<\/span>\n\t\t<\/div>\n\t\t\t\t\t\t<\/div>\n\t\t\t\t<\/div>\n\t\t\t\t\t<\/div>\n\t\t<\/div>\n\t\t\t\t<div class=\"elementor-column elementor-col-50 elementor-inner-column elementor-element elementor-element-e495107\" data-id=\"e495107\" data-element_type=\"column\">\n\t\t\t<div class=\"elementor-widget-wrap elementor-element-populated\">\n\t\t\t\t\t\t<div class=\"elementor-element elementor-element-d80214f elementor-widget elementor-widget-heading\" data-id=\"d80214f\" data-element_type=\"widget\" data-settings=\"{&quot;_animation_mobile&quot;:&quot;none&quot;}\" data-widget_type=\"heading.default\">\n\t\t\t\t<div class=\"elementor-widget-container\">\n\t\t\t\t\t<h3 class=\"elementor-heading-title elementor-size-default\">Sede Neuqu\u00e9n Capital <br>\n(Buenos Aires 1400)<\/h3>\t\t\t\t<\/div>\n\t\t\t\t<\/div>\n\t\t\t\t\t<\/div>\n\t\t<\/div>\n\t\t\t\t<div class=\"elementor-column elementor-col-25 elementor-inner-column elementor-element elementor-element-05c14e7\" data-id=\"05c14e7\" data-element_type=\"column\">\n\t\t\t<div class=\"elementor-widget-wrap elementor-element-populated\">\n\t\t\t\t\t\t<div class=\"elementor-element elementor-element-1809a98 elementor-hidden-phone elementor-widget-divider--view-line elementor-widget elementor-widget-divider\" data-id=\"1809a98\" data-element_type=\"widget\" data-widget_type=\"divider.default\">\n\t\t\t\t<div class=\"elementor-widget-container\">\n\t\t\t\t\t\t\t<div class=\"elementor-divider\">\n\t\t\t<span class=\"elementor-divider-separator\">\n\t\t\t\t\t\t<\/span>\n\t\t<\/div>\n\t\t\t\t\t\t<\/div>\n\t\t\t\t<\/div>\n\t\t\t\t\t<\/div>\n\t\t<\/div>\n\t\t\t\t\t<\/div>\n\t\t<\/section>\n\t\t\t\t\t<\/div>\n\t\t<\/div>\n\t\t\t\t<div class=\"elementor-column elementor-col-16 elementor-top-column elementor-element elementor-element-d07a139\" data-id=\"d07a139\" data-element_type=\"column\">\n\t\t\t<div class=\"elementor-widget-wrap\">\n\t\t\t\t\t\t\t<\/div>\n\t\t<\/div>\n\t\t\t\t\t<\/div>\n\t\t<\/section>\n\t\t<div class=\"elementor-element elementor-element-bb9c290 animated-slow e-flex e-con-boxed elementor-invisible e-con e-parent\" data-id=\"bb9c290\" data-element_type=\"container\" data-settings=\"{&quot;background_background&quot;:&quot;classic&quot;,&quot;animation&quot;:&quot;fadeIn&quot;}\">\n\t\t\t\t\t<div class=\"e-con-inner\">\n\t\t<div class=\"elementor-element elementor-element-1fbaf6d e-con-full e-flex e-con e-child\" data-id=\"1fbaf6d\" data-element_type=\"container\">\n\t\t<div class=\"elementor-element elementor-element-1108b9b e-con-full e-flex e-con e-child\" data-id=\"1108b9b\" data-element_type=\"container\">\n\t\t\t\t<div class=\"elementor-element elementor-element-f071fff elementor-widget elementor-widget-image\" data-id=\"f071fff\" data-element_type=\"widget\" data-widget_type=\"image.default\">\n\t\t\t\t<div class=\"elementor-widget-container\">\n\t\t\t\t\t\t\t\t\t\t\t\t\t\t\t<img fetchpriority=\"high\" decoding=\"async\" width=\"800\" height=\"851\" src=\"https:\/\/comedordepruebas.uncoma.edu.ar\/wp-content\/uploads\/2025\/02\/logo-comedor2.jpg\" class=\"attachment-large size-large wp-image-7021\" alt=\"\" srcset=\"https:\/\/comedordepruebas.uncoma.edu.ar\/wp-content\/uploads\/2025\/02\/logo-comedor2.jpg 944w, https:\/\/comedordepruebas.uncoma.edu.ar\/wp-content\/uploads\/2025\/02\/logo-comedor2-282x300.jpg 282w, https:\/\/comedordepruebas.uncoma.edu.ar\/wp-content\/uploads\/2025\/02\/logo-comedor2-768x817.jpg 768w, https:\/\/comedordepruebas.uncoma.edu.ar\/wp-content\/uploads\/2025\/02\/logo-comedor2-100x106.jpg 100w, https:\/\/comedordepruebas.uncoma.edu.ar\/wp-content\/uploads\/2025\/02\/logo-comedor2-300x319.jpg 300w\" sizes=\"(max-width: 800px) 100vw, 800px\" \/>\t\t\t\t\t\t\t\t\t\t\t\t\t\t\t<\/div>\n\t\t\t\t<\/div>\n\t\t\t\t<\/div>\n\t\t<div class=\"elementor-element elementor-element-52bdd21 e-con-full e-flex e-con e-child\" data-id=\"52bdd21\" data-element_type=\"container\">\n\t\t\t\t<div class=\"elementor-element elementor-element-09b93a8 elementor-widget elementor-widget-heading\" data-id=\"09b93a8\" data-element_type=\"widget\" data-widget_type=\"heading.default\">\n\t\t\t\t<div class=\"elementor-widget-container\">\n\t\t\t\t\t<h2 class=\"elementor-heading-title elementor-size-default\">A\u00f1o Acad\u00e9mico 2025<\/h2>\t\t\t\t<\/div>\n\t\t\t\t<\/div>\n\t\t\t\t<\/div>\n\t\t\t\t<\/div>\n\t\t\t\t<div class=\"elementor-element elementor-element-812b1fa elementor-widget elementor-widget-text-editor\" data-id=\"812b1fa\" data-element_type=\"widget\" data-widget_type=\"text-editor.default\">\n\t\t\t\t<div class=\"elementor-widget-container\">\n\t\t\t\t\t\t\t\t\t<p>Para poder comprar nuestros productos, <strong>es necesario que est\u00e9s registrado en el sistema<\/strong>.<\/p><p>Por favor, ingres\u00e1 los siguientes datos para que podamos corroborar que seas un miembro de la comunidad universitaria.<\/p><p>Tu informaci\u00f3n ser\u00e1 verificada y en caso de ser v\u00e1lida, se te enviar\u00e1 los datos de acceso <strong>v\u00eda mail en las pr\u00f3ximos d\u00edas <\/strong>para que puedas establecer la contrase\u00f1a de tu nuevo usuario en <strong>ComedorNQN<\/strong>.\u00a0<\/p>\t\t\t\t\t\t\t\t<\/div>\n\t\t\t\t<\/div>\n\t\t\t\t<div class=\"elementor-element elementor-element-a405cf9 elementor-button-align-center elementor-widget elementor-widget-form\" data-id=\"a405cf9\" data-element_type=\"widget\" data-settings=\"{&quot;step_next_label&quot;:&quot;Siguiente&quot;,&quot;step_previous_label&quot;:&quot;Anterior&quot;,&quot;button_width&quot;:&quot;100&quot;,&quot;step_type&quot;:&quot;number_text&quot;,&quot;step_icon_shape&quot;:&quot;circle&quot;}\" data-widget_type=\"form.default\">\n\t\t\t\t<div class=\"elementor-widget-container\">\n\t\t\t\t\t\t\t<form class=\"elementor-form\" method=\"post\" name=\"Preinscripci\u00f3n al Comedor\" aria-label=\"Preinscripci\u00f3n al Comedor\">\n\t\t\t<input type=\"hidden\" name=\"post_id\" value=\"6952\"\/>\n\t\t\t<input type=\"hidden\" name=\"form_id\" value=\"a405cf9\"\/>\n\t\t\t<input type=\"hidden\" name=\"referer_title\" value=\"Formulario de Preinscripci\u00f3n\" \/>\n\n\t\t\t\t\t\t\t<input type=\"hidden\" name=\"queried_id\" value=\"6952\"\/>\n\t\t\t\n\t\t\t<div class=\"elementor-form-fields-wrapper elementor-labels-above\">\n\t\t\t\t\t\t\t\t<div class=\"elementor-field-type-text elementor-field-group elementor-column elementor-field-group-name elementor-col-50 elementor-field-required elementor-mark-required\">\n\t\t\t\t\t\t\t\t\t\t\t\t<label for=\"form-field-name\" class=\"elementor-field-label\">\n\t\t\t\t\t\t\t\tNombres\t\t\t\t\t\t\t<\/label>\n\t\t\t\t\t\t\t\t\t\t\t\t\t\t<input size=\"1\" type=\"text\" name=\"form_fields[name]\" id=\"form-field-name\" class=\"elementor-field elementor-size-sm  elementor-field-textual\" placeholder=\"Ingrese sus nombres\" required=\"required\">\n\t\t\t\t\t\t\t\t\t\t\t<\/div>\n\t\t\t\t\t\t\t\t<div class=\"elementor-field-type-text elementor-field-group elementor-column elementor-field-group-field_c35f29d elementor-col-50 elementor-field-required elementor-mark-required\">\n\t\t\t\t\t\t\t\t\t\t\t\t<label for=\"form-field-field_c35f29d\" class=\"elementor-field-label\">\n\t\t\t\t\t\t\t\tApellidos\t\t\t\t\t\t\t<\/label>\n\t\t\t\t\t\t\t\t\t\t\t\t\t\t<input size=\"1\" type=\"text\" name=\"form_fields[field_c35f29d]\" id=\"form-field-field_c35f29d\" class=\"elementor-field elementor-size-sm  elementor-field-textual\" placeholder=\"Ingrese sus apellidos\" required=\"required\">\n\t\t\t\t\t\t\t\t\t\t\t<\/div>\n\t\t\t\t\t\t\t\t<div class=\"elementor-field-type-number elementor-field-group elementor-column elementor-field-group-field_dni elementor-col-100 elementor-field-required elementor-mark-required\">\n\t\t\t\t\t\t\t\t\t\t\t\t<label for=\"form-field-field_dni\" class=\"elementor-field-label\">\n\t\t\t\t\t\t\t\tN\u00famero de Documento\/Pasaporte\t\t\t\t\t\t\t<\/label>\n\t\t\t\t\t\t\t\t\t<input type=\"number\" name=\"form_fields[field_dni]\" id=\"form-field-field_dni\" class=\"elementor-field elementor-size-sm  elementor-field-textual\" placeholder=\"Solo n\u00fameros, sin guiones ni puntos\" required=\"required\" min=\"\" max=\"\" >\n\t\t\t\t\t\t<\/div>\n\t\t\t\t\t\t\t\t<div class=\"elementor-field-type-email elementor-field-group elementor-column elementor-field-group-field_correo elementor-col-100 elementor-field-required elementor-mark-required\">\n\t\t\t\t\t\t\t\t\t\t\t\t<label for=\"form-field-field_correo\" class=\"elementor-field-label\">\n\t\t\t\t\t\t\t\tCorreo Electr\u00f3nico\t\t\t\t\t\t\t<\/label>\n\t\t\t\t\t\t\t\t\t\t\t\t\t\t<input size=\"1\" type=\"email\" name=\"form_fields[field_correo]\" id=\"form-field-field_correo\" class=\"elementor-field elementor-size-sm  elementor-field-textual\" placeholder=\"Debe ser el mismo correo electr\u00f3nico que se coloc\u00f3 en SIU Guaran\u00ed\" required=\"required\">\n\t\t\t\t\t\t\t\t\t\t\t<\/div>\n\t\t\t\t\t\t\t\t<div class=\"elementor-field-type-select elementor-field-group elementor-column elementor-field-group-field_facultad elementor-col-100 elementor-field-required elementor-mark-required\">\n\t\t\t\t\t\t\t\t\t\t\t\t<label for=\"form-field-field_facultad\" class=\"elementor-field-label\">\n\t\t\t\t\t\t\t\tFacultad (seleccione Unidad Acad\u00e9mica a la que pertenece)\t\t\t\t\t\t\t<\/label>\n\t\t\t\t\t\t\t\t<div class=\"elementor-field elementor-select-wrapper remove-before \">\n\t\t\t<div class=\"select-caret-down-wrapper\">\n\t\t\t\t<i aria-hidden=\"true\" class=\"eicon-caret-down\"><\/i>\t\t\t<\/div>\n\t\t\t<select name=\"form_fields[field_facultad]\" id=\"form-field-field_facultad\" class=\"elementor-field-textual elementor-size-sm\" required=\"required\">\n\t\t\t\t\t\t\t\t\t<option value=\"\">Seleccione...<\/option>\n\t\t\t\t\t\t\t\t\t<option value=\"Centro Regional Universitario Bariloche (CRUB)\">Centro Regional Universitario Bariloche (CRUB)<\/option>\n\t\t\t\t\t\t\t\t\t<option value=\"Centro Regional Universitario San Mart\u00edn de los Andes (CRUSMA)\">Centro Regional Universitario San Mart\u00edn de los Andes (CRUSMA)<\/option>\n\t\t\t\t\t\t\t\t\t<option value=\"Centro Regional Universitario Zapala (CREUZA)\">Centro Regional Universitario Zapala (CREUZA)<\/option>\n\t\t\t\t\t\t\t\t\t<option value=\"Complejo Universitario Regional Zona Atl\u00e1ntica y Linea Sur (CURZAS)\">Complejo Universitario Regional Zona Atl\u00e1ntica y Linea Sur (CURZAS)<\/option>\n\t\t\t\t\t\t\t\t\t<option value=\"Facultad de Ciencias Agrarias (FACA)\">Facultad de Ciencias Agrarias (FACA)<\/option>\n\t\t\t\t\t\t\t\t\t<option value=\"Facultad de Ciencias de la Educaci\u00f3n y Psicolog\u00eda (FACE)\">Facultad de Ciencias de la Educaci\u00f3n y Psicolog\u00eda (FACE)<\/option>\n\t\t\t\t\t\t\t\t\t<option value=\"Facultad de Ciencias del Ambiente y la Salud (FACIAS)\">Facultad de Ciencias del Ambiente y la Salud (FACIAS)<\/option>\n\t\t\t\t\t\t\t\t\t<option value=\"Facultad de Ciencias Marinas (FACIMAR)\">Facultad de Ciencias Marinas (FACIMAR)<\/option>\n\t\t\t\t\t\t\t\t\t<option value=\"Facultad de Ciencias M\u00e9dicas (FACIMED)\">Facultad de Ciencias M\u00e9dicas (FACIMED)<\/option>\n\t\t\t\t\t\t\t\t\t<option value=\"Facultad de Ciencias y Tecnolog\u00edas de los Alimentos (FACTA)\">Facultad de Ciencias y Tecnolog\u00edas de los Alimentos (FACTA)<\/option>\n\t\t\t\t\t\t\t\t\t<option value=\"Facultad de Derecho y Ciencias Sociales (FADECS)\">Facultad de Derecho y Ciencias Sociales (FADECS)<\/option>\n\t\t\t\t\t\t\t\t\t<option value=\"Servicio Social Neuqu\u00e9n\">Servicio Social Neuqu\u00e9n<\/option>\n\t\t\t\t\t\t\t\t\t<option value=\"Facultad de Econom\u00eda y Administraci\u00f3n (FAEA)\">Facultad de Econom\u00eda y Administraci\u00f3n (FAEA)<\/option>\n\t\t\t\t\t\t\t\t\t<option value=\"Facultad de Humanidades (FAHU)\">Facultad de Humanidades (FAHU)<\/option>\n\t\t\t\t\t\t\t\t\t<option value=\"Facultad de Inform\u00e1tica (FAI)\">Facultad de Inform\u00e1tica (FAI)<\/option>\n\t\t\t\t\t\t\t\t\t<option value=\"Facultad de Ingenier\u00eda (FAIN)\">Facultad de Ingenier\u00eda (FAIN)<\/option>\n\t\t\t\t\t\t\t\t\t<option value=\"Facultad de Lenguas (FADEL)\">Facultad de Lenguas (FADEL)<\/option>\n\t\t\t\t\t\t\t\t\t<option value=\"Facultad de Turismo (FATU)\">Facultad de Turismo (FATU)<\/option>\n\t\t\t\t\t\t\t\t\t<option value=\"Docente\">Docente<\/option>\n\t\t\t\t\t\t\t\t\t<option value=\"No Docente\">Nodocente<\/option>\n\t\t\t\t\t\t\t<\/select>\n\t\t<\/div>\n\t\t\t\t\t\t<\/div>\n\t\t\t\t\t\t\t\t<div class=\"elementor-field-type-hcaptcha elementor-field-group elementor-column elementor-field-group-field_035a9e6 elementor-col-100\">\n\t\t\t\t\t<div class=\"elementor-field\" id=\"form-field-field_035a9e6\"><div class=\"elementor-hcaptcha\">\t\t<input\n\t\t\t\ttype=\"hidden\"\n\t\t\t\tclass=\"hcaptcha-widget-id\"\n\t\t\t\tname=\"hcaptcha-widget-id\"\n\t\t\t\tvalue=\"eyJzb3VyY2UiOlsiZWxlbWVudG9yLXByb1wvZWxlbWVudG9yLXByby5waHAiXSwiZm9ybV9pZCI6MH0=-6ed973ec055c7e5b4bbff554e8ca6b8d\">\n\t\t\t\t<h-captcha\n\t\t\tclass=\"h-captcha\"\n\t\t\tdata-sitekey=\"ff60af16-6d40-434e-9106-f4162e082bbc\"\n\t\t\tdata-theme=\"light\"\n\t\t\tdata-size=\"normal\"\n\t\t\tdata-auto=\"false\"\n\t\t\tdata-ajax=\"false\"\n\t\t\tdata-force=\"false\">\n\t\t<\/h-captcha>\n\t\t<\/div><\/div>\t\t\t\t<\/div>\n\t\t\t\t\t\t\t\t<div class=\"elementor-field-group elementor-column elementor-field-type-submit elementor-col-100 e-form__buttons\">\n\t\t\t\t\t<button class=\"elementor-button elementor-size-sm\" type=\"submit\">\n\t\t\t\t\t\t<span class=\"elementor-button-content-wrapper\">\n\t\t\t\t\t\t\t\t\t\t\t\t\t\t\t\t\t\t\t\t\t\t<span class=\"elementor-button-text\">Enviar<\/span>\n\t\t\t\t\t\t\t\t\t\t\t\t\t<\/span>\n\t\t\t\t\t<\/button>\n\t\t\t\t<\/div>\n\t\t\t<\/div>\n\t\t<\/form>\n\t\t\t\t\t\t<\/div>\n\t\t\t\t<\/div>\n\t\t<div class=\"elementor-element elementor-element-c2ba563 e-con-full e-flex e-con e-child\" data-id=\"c2ba563\" data-element_type=\"container\">\n\t\t\t\t<\/div>\n\t\t\t\t\t<\/div>\n\t\t\t\t<\/div>\n\t\t\t\t<\/div>\n\t\t","protected":false},"excerpt":{"rendered":"<p>Formulario de Preinscripci\u00f3n2025 Sede Neuqu\u00e9n Capital (Buenos Aires 1400) A\u00f1o Acad\u00e9mico 2025 Para poder comprar nuestros productos, es necesario que est\u00e9s registrado en el sistema. Por favor, ingres\u00e1 los siguientes datos para que podamos corroborar que seas un miembro de la comunidad universitaria. Tu informaci\u00f3n ser\u00e1 verificada y en caso de ser v\u00e1lida, se te [&hellip;]<\/p>\n","protected":false},"author":24,"featured_media":0,"parent":0,"menu_order":0,"comment_status":"closed","ping_status":"closed","template":"","meta":{"_acf_changed":false,"footnotes":""},"class_list":["post-6952","page","type-page","status-publish","hentry"],"acf":[],"_links":{"self":[{"href":"https:\/\/comedordepruebas.uncoma.edu.ar\/index.php\/wp-json\/wp\/v2\/pages\/6952","targetHints":{"allow":["GET"]}}],"collection":[{"href":"https:\/\/comedordepruebas.uncoma.edu.ar\/index.php\/wp-json\/wp\/v2\/pages"}],"about":[{"href":"https:\/\/comedordepruebas.uncoma.edu.ar\/index.php\/wp-json\/wp\/v2\/types\/page"}],"author":[{"embeddable":true,"href":"https:\/\/comedordepruebas.uncoma.edu.ar\/index.php\/wp-json\/wp\/v2\/users\/24"}],"replies":[{"embeddable":true,"href":"https:\/\/comedordepruebas.uncoma.edu.ar\/index.php\/wp-json\/wp\/v2\/comments?post=6952"}],"version-history":[{"count":165,"href":"https:\/\/comedordepruebas.uncoma.edu.ar\/index.php\/wp-json\/wp\/v2\/pages\/6952\/revisions"}],"predecessor-version":[{"id":32517,"href":"https:\/\/comedordepruebas.uncoma.edu.ar\/index.php\/wp-json\/wp\/v2\/pages\/6952\/revisions\/32517"}],"wp:attachment":[{"href":"https:\/\/comedordepruebas.uncoma.edu.ar\/index.php\/wp-json\/wp\/v2\/media?parent=6952"}],"curies":[{"name":"wp","href":"https:\/\/api.w.org\/{rel}","templated":true}]}}